{"id":39,"date":"2018-06-27T18:48:15","date_gmt":"2018-06-27T16:48:15","guid":{"rendered":"http:\/\/rainer-pauliks.de\/?page_id=39"},"modified":"2023-03-01T19:21:38","modified_gmt":"2023-03-01T18:21:38","slug":"start","status":"publish","type":"page","link":"https:\/\/rainer-pauliks.de\/","title":{"rendered":"Hallo zusammen!"},"content":{"rendered":"\n<p>Hier findet ihr ein paar Songs zum Gebrauch in der Kirche\/Gemeinde!<\/p>\n\n\n\n<p>Ich liebe es Lieder zu schreiben und eigentlich mache ich das schon immer. Es ist f\u00fcr mich eine Gebetsform.<\/p>\n\n\n\n<p>Nun singen wir bei uns in der Kirche tats\u00e4chlich schon einige davon und der ein und andere mag sie.<\/p>\n\n\n\n<p>Wenn du Lust hast, h\u00f6re rein und gebrauche sie auch in deiner Kirche.<\/p>\n\n\n<div class=\"wp-block-image\">\n<figure class=\"alignright\"><img decoding=\"async\" loading=\"lazy\" width=\"300\" height=\"300\" src=\"https:\/\/rainer-pauliks.de\/wp-content\/uploads\/2023\/02\/qrcode_songselect.ccli_.com-1-300x300.png\" alt=\"\" class=\"wp-image-147\" srcset=\"https:\/\/rainer-pauliks.de\/wp-content\/uploads\/2023\/02\/qrcode_songselect.ccli_.com-1-300x300.png 300w, https:\/\/rainer-pauliks.de\/wp-content\/uploads\/2023\/02\/qrcode_songselect.ccli_.com-1-150x150.png 150w, https:\/\/rainer-pauliks.de\/wp-content\/uploads\/2023\/02\/qrcode_songselect.ccli_.com-1.png 450w\" sizes=\"(max-width: 300px) 100vw, 300px\" \/><\/figure><\/div>\n\n\n<p>Du findest die Texte auch auf CCLI song-select.&nbsp;<\/p>\n\n\n\n<p>Damit Jesus geehrt und sein Reich gebaut wird.<\/p>\n\n\n\n<p>Sch\u00f6ne Gr\u00fc\u00dfe<\/p>\n\n\n\n<figure class=\"wp-block-image is-style-rounded\"><img decoding=\"async\" loading=\"lazy\" width=\"200\" height=\"300\" src=\"https:\/\/rainer-pauliks.de\/wp-content\/uploads\/2018\/06\/MG_7571-2-200x300.jpg\" alt=\"Rainer Pauliks\" class=\"wp-image-25\" srcset=\"https:\/\/rainer-pauliks.de\/wp-content\/uploads\/2018\/06\/MG_7571-2-200x300.jpg 200w, https:\/\/rainer-pauliks.de\/wp-content\/uploads\/2018\/06\/MG_7571-2-768x1152.jpg 768w, https:\/\/rainer-pauliks.de\/wp-content\/uploads\/2018\/06\/MG_7571-2-682x1024.jpg 682w, https:\/\/rainer-pauliks.de\/wp-content\/uploads\/2018\/06\/MG_7571-2-750x1125.jpg 750w, https:\/\/rainer-pauliks.de\/wp-content\/uploads\/2018\/06\/MG_7571-2.jpg 1333w\" sizes=\"(max-width: 200px) 100vw, 200px\" \/><\/figure>\n","protected":false},"excerpt":{"rendered":"<p>Hier findet ihr ein paar Songs zum Gebrauch in der Kirche\/Gemeinde! Ich liebe es Lieder zu schreiben und eigentlich mache ich das schon immer. Es ist f\u00fcr mich eine Gebetsform. Nun singen wir bei uns in der Kirche tats\u00e4chlich schon einige davon und der ein und andere mag sie. Wenn du Lust hast, h\u00f6re rein [&hellip;]<\/p>\n","protected":false},"author":1,"featured_media":0,"parent":0,"menu_order":0,"comment_status":"closed","ping_status":"closed","template":"","meta":[],"_links":{"self":[{"href":"https:\/\/rainer-pauliks.de\/index.php?rest_route=\/wp\/v2\/pages\/39"}],"collection":[{"href":"https:\/\/rainer-pauliks.de\/index.php?rest_route=\/wp\/v2\/pages"}],"about":[{"href":"https:\/\/rainer-pauliks.de\/index.php?rest_route=\/wp\/v2\/types\/page"}],"author":[{"embeddable":true,"href":"https:\/\/rainer-pauliks.de\/index.php?rest_route=\/wp\/v2\/users\/1"}],"replies":[{"embeddable":true,"href":"https:\/\/rainer-pauliks.de\/index.php?rest_route=%2Fwp%2Fv2%2Fcomments&post=39"}],"version-history":[{"count":17,"href":"https:\/\/rainer-pauliks.de\/index.php?rest_route=\/wp\/v2\/pages\/39\/revisions"}],"predecessor-version":[{"id":154,"href":"https:\/\/rainer-pauliks.de\/index.php?rest_route=\/wp\/v2\/pages\/39\/revisions\/154"}],"wp:attachment":[{"href":"https:\/\/rainer-pauliks.de\/index.php?rest_route=%2Fwp%2Fv2%2Fmedia&parent=39"}],"curies":[{"name":"wp","href":"https:\/\/api.w.org\/{rel}","templated":true}]}}